{"id":7890,"date":"2024-09-11T13:59:54","date_gmt":"2024-09-11T10:59:54","guid":{"rendered":"https:\/\/visitsatakunta.fi\/taste-satakunta\/latest-news\/"},"modified":"2024-09-12T09:34:52","modified_gmt":"2024-09-12T06:34:52","slug":"latest-news","status":"publish","type":"page","link":"https:\/\/visitsatakunta.fi\/en\/taste-satakunta\/latest-news\/","title":{"rendered":"Latest news"},"content":{"rendered":"\t\t<div data-elementor-type=\"wp-page\" data-elementor-id=\"7890\" class=\"elementor elementor-7890 elementor-7711\" data-elementor-post-type=\"page\">\n\t\t\t\t<div class=\"elementor-element elementor-element-5d4c8da e-flex e-con-boxed e-con e-parent\" data-id=\"5d4c8da\" data-element_type=\"container\" data-e-type=\"container\" data-settings=\"{&quot;background_background&quot;:&quot;classic&quot;}\">\n\t\t\t\t\t<div class=\"e-con-inner\">\n\t\t\t\t<div class=\"elementor-element elementor-element-71b98d9 elementor-widget elementor-widget-shortcode\" data-id=\"71b98d9\" data-element_type=\"widget\" data-e-type=\"widget\" data-widget_type=\"shortcode.default\">\n\t\t\t\t<div class=\"elementor-widget-container\">\n\t\t\t\t\t\t\t<div class=\"elementor-shortcode\"><\/div>\n\t\t\t\t\t\t<\/div>\n\t\t\t\t<\/div>\n\t\t\t\t\t<\/div>\n\t\t\t\t<\/div>\n\t\t<div class=\"elementor-element elementor-element-7c4d33a e-flex e-con-boxed e-con e-parent\" data-id=\"7c4d33a\" data-element_type=\"container\" data-e-type=\"container\" data-settings=\"{&quot;background_background&quot;:&quot;classic&quot;}\">\n\t\t\t\t\t<div class=\"e-con-inner\">\n\t\t<div class=\"elementor-element elementor-element-8d7d1c5 e-con-full e-flex e-con e-child\" data-id=\"8d7d1c5\" data-element_type=\"container\" data-e-type=\"container\">\n\t\t\t\t<div class=\"elementor-element elementor-element-4768736 elementor-widget elementor-widget-spacer\" data-id=\"4768736\" data-element_type=\"widget\" data-e-type=\"widget\" data-widget_type=\"spacer.default\">\n\t\t\t\t<div class=\"elementor-widget-container\">\n\t\t\t\t\t\t\t<div class=\"elementor-spacer\">\n\t\t\t<div class=\"elementor-spacer-inner\"><\/div>\n\t\t<\/div>\n\t\t\t\t\t\t<\/div>\n\t\t\t\t<\/div>\n\t\t\t\t<div class=\"elementor-element elementor-element-5c28ef2 elementor-widget elementor-widget-theme-post-title elementor-page-title elementor-widget-heading\" data-id=\"5c28ef2\" data-element_type=\"widget\" data-e-type=\"widget\" data-widget_type=\"theme-post-title.default\">\n\t\t\t\t<div class=\"elementor-widget-container\">\n\t\t\t\t\t<h1 class=\"elementor-heading-title elementor-size-default\">Latest news<\/h1>\t\t\t\t<\/div>\n\t\t\t\t<\/div>\n\t\t\t\t<div class=\"elementor-element elementor-element-70a6f0d elementor-widget__width-initial elementor-widget elementor-widget-text-editor\" data-id=\"70a6f0d\" data-element_type=\"widget\" data-e-type=\"widget\" data-widget_type=\"text-editor.default\">\n\t\t\t\t<div class=\"elementor-widget-container\">\n\t\t\t\t\t\t\t\t\t<p>Discover Satakunta\u2019s unique food experiences\u2014enjoy inspiring moments, delicious journeys, and unforgettable experiences in beautiful landscapes.<\/p>\n\t\t\t\t\t\t\t\t<\/div>\n\t\t\t\t<\/div>\n\t\t\t\t<\/div>\n\t\t\t\t\t<\/div>\n\t\t\t\t<\/div>\n\t\t<div class=\"elementor-element elementor-element-8660900 e-flex e-con-boxed e-con e-parent\" data-id=\"8660900\" data-element_type=\"container\" data-e-type=\"container\">\n\t\t\t\t\t<div class=\"e-con-inner\">\n\t\t<div class=\"elementor-element elementor-element-a2e245a e-con-full e-flex e-con e-child\" data-id=\"a2e245a\" data-element_type=\"container\" data-e-type=\"container\">\n\t\t\t\t<div class=\"elementor-element elementor-element-1253290 elementor-grid-2 elementor-widget__width-inherit elementor-grid-tablet-2 elementor-grid-mobile-1 elementor-widget elementor-widget-loop-grid\" data-id=\"1253290\" data-element_type=\"widget\" data-e-type=\"widget\" data-settings=\"{&quot;template_id&quot;:7926,&quot;columns&quot;:2,&quot;row_gap&quot;:{&quot;unit&quot;:&quot;px&quot;,&quot;size&quot;:40,&quot;sizes&quot;:[]},&quot;row_gap_tablet&quot;:{&quot;unit&quot;:&quot;px&quot;,&quot;size&quot;:20,&quot;sizes&quot;:[]},&quot;_skin&quot;:&quot;post&quot;,&quot;columns_tablet&quot;:&quot;2&quot;,&quot;columns_mobile&quot;:&quot;1&quot;,&quot;edit_handle_selector&quot;:&quot;[data-elementor-type=\\&quot;loop-item\\&quot;]&quot;,&quot;row_gap_laptop&quot;:{&quot;unit&quot;:&quot;px&quot;,&quot;size&quot;:&quot;&quot;,&quot;sizes&quot;:[]},&quot;row_gap_mobile&quot;:{&quot;unit&quot;:&quot;px&quot;,&quot;size&quot;:&quot;&quot;,&quot;sizes&quot;:[]}}\" data-widget_type=\"loop-grid.post\">\n\t\t\t\t<div class=\"elementor-widget-container\">\n\t\t\t\t\t\t\t<div class=\"elementor-loop-container elementor-grid\" role=\"list\">\n\t\t<style id=\"loop-7926\">.elementor-7926 .elementor-element.elementor-element-60df4b9{--display:flex;--padding-top:0px;--padding-bottom:0px;--padding-left:0px;--padding-right:0px;}.elementor-7926 .elementor-element.elementor-element-60df4b9:not(.elementor-motion-effects-element-type-background), .elementor-7926 .elementor-element.elementor-element-60df4b9 > .elementor-motion-effects-container > .elementor-motion-effects-layer{background-color:var( --e-global-color-69bd502 );}.elementor-7926 .elementor-element.elementor-element-107d8f6{--display:flex;--gap:15px 15px;--row-gap:15px;--column-gap:15px;--padding-top:30px;--padding-bottom:30px;--padding-left:30px;--padding-right:30px;}.elementor-7926 .elementor-element.elementor-element-6758296 .elementor-heading-title{font-size:24px;color:var( --e-global-color-7f5fd16 );}.elementor-7926 .elementor-element.elementor-element-ee73a33 .elementor-widget-container{font-size:17px;line-height:1.5em;}.elementor-7926 .elementor-element.elementor-element-2fee554 .elementor-button-content-wrapper{flex-direction:row-reverse;}.elementor-7926 .elementor-element.elementor-element-2fee554 .elementor-button .elementor-button-content-wrapper{gap:10px;}.elementor-7926 .elementor-element.elementor-element-2fee554 .elementor-button{font-size:14px;font-weight:700;text-transform:uppercase;line-height:1em;letter-spacing:1.5px;fill:var( --e-global-color-7f5fd16 );color:var( --e-global-color-7f5fd16 );background-color:var( --e-global-color-e614e57 );border-style:none;border-radius:0px 0px 0px 0px;padding:0px 0px 0px 0px;}.elementor-7926 .elementor-element.elementor-element-2fee554 .elementor-button:hover, .elementor-7926 .elementor-element.elementor-element-2fee554 .elementor-button:focus{color:var( --e-global-color-cbbebd3 );border-color:#000000;}.elementor-7926 .elementor-element.elementor-element-2fee554 .elementor-button:hover svg, .elementor-7926 .elementor-element.elementor-element-2fee554 .elementor-button:focus svg{fill:var( --e-global-color-cbbebd3 );}@media(max-width:767px){.elementor-7926 .elementor-element.elementor-element-2fee554 .elementor-button{font-size:13px;}}<\/style>\t\t<div data-elementor-type=\"loop-item\" data-elementor-id=\"7926\" class=\"elementor elementor-7926 elementor-7723 elementor-7723 e-loop-item e-loop-item-7883 post-7883 post type-post status-publish format-standard has-post-thumbnail hentry category-taste-satakunta-en\" data-elementor-post-type=\"elementor_library\" data-custom-edit-handle=\"1\">\n\t\t\t<div class=\"elementor-element elementor-element-60df4b9 e-flex e-con-boxed e-con e-parent\" data-id=\"60df4b9\" data-element_type=\"container\" data-e-type=\"container\" data-settings=\"{&quot;background_background&quot;:&quot;classic&quot;}\">\n\t\t\t\t\t<div class=\"e-con-inner\">\n\t\t\t\t<div class=\"elementor-element elementor-element-c22fa3f elementor-widget elementor-widget-theme-post-featured-image elementor-widget-image\" data-id=\"c22fa3f\" data-element_type=\"widget\" data-e-type=\"widget\" data-widget_type=\"theme-post-featured-image.default\">\n\t\t\t\t<div class=\"elementor-widget-container\">\n\t\t\t\t\t\t\t\t\t\t\t\t\t\t\t<img decoding=\"async\" src=\"https:\/\/visitsatakunta.fi\/wp-content\/uploads\/elementor\/thumbs\/taste-satakunta-ruokareitit-vesa-saivo-13062024-003-qq9yn4xrstcmwi5gbpgy287ta3kkf2ced03fncgvpk.jpg\" title=\"taste-satakunta-ruokareitit-vesa-saivo-13062024-003\" alt=\"Pitk\u00e4n ajon p\u00e4\u00e4lle maistuu suolainen, vaikkapa sopivan rapsakka grillimakkara. Susanna ja Liisa pit\u00e4v\u00e4t taukoa Verstaalla Nakkilassa.\" loading=\"lazy\" \/>\t\t\t\t\t\t\t\t\t\t\t\t\t\t\t<\/div>\n\t\t\t\t<\/div>\n\t\t<div class=\"elementor-element elementor-element-107d8f6 e-flex e-con-boxed e-con e-child\" data-id=\"107d8f6\" data-element_type=\"container\" data-e-type=\"container\">\n\t\t\t\t\t<div class=\"e-con-inner\">\n\t\t\t\t<div class=\"elementor-element elementor-element-6758296 elementor-widget elementor-widget-theme-post-title elementor-page-title elementor-widget-heading\" data-id=\"6758296\" data-element_type=\"widget\" data-e-type=\"widget\" data-widget_type=\"theme-post-title.default\">\n\t\t\t\t<div class=\"elementor-widget-container\">\n\t\t\t\t\t<h2 class=\"elementor-heading-title elementor-size-default\"><a href=\"https:\/\/visitsatakunta.fi\/en\/pig-manure-lilac-and-grilled-sausage\/\">Pig manure, lilac, and grilled sausage<\/a><\/h2>\t\t\t\t<\/div>\n\t\t\t\t<\/div>\n\t\t\t\t<div class=\"elementor-element elementor-element-ee73a33 elementor-widget elementor-widget-theme-post-excerpt\" data-id=\"ee73a33\" data-element_type=\"widget\" data-e-type=\"widget\" data-widget_type=\"theme-post-excerpt.default\">\n\t\t\t\t<div class=\"elementor-widget-container\">\n\t\t\t\t\tMotorcyclists indulge all their senses\u2014come along for the ride. The engines roar at Pyssykangas. Mustards and donut sugars have been wiped from their mouths, helmets are on, and bikes are revved up. Motorcycle friends Susanna Ryh\u00e4nen and Liisa Rintala continue their journey through the summer landscape. Where to next?\t\t\t\t<\/div>\n\t\t\t\t<\/div>\n\t\t\t\t<div class=\"elementor-element elementor-element-2fee554 elementor-widget elementor-widget-button\" data-id=\"2fee554\" data-element_type=\"widget\" data-e-type=\"widget\" data-widget_type=\"button.default\">\n\t\t\t\t<div class=\"elementor-widget-container\">\n\t\t\t\t\t\t\t\t\t<div class=\"elementor-button-wrapper\">\n\t\t\t\t\t<a class=\"elementor-button elementor-button-link elementor-size-sm\" href=\"https:\/\/visitsatakunta.fi\/en\/pig-manure-lilac-and-grilled-sausage\/\">\n\t\t\t\t\t\t<span class=\"elementor-button-content-wrapper\">\n\t\t\t\t\t\t<span class=\"elementor-button-icon\">\n\t\t\t\t<svg xmlns=\"http:\/\/www.w3.org\/2000\/svg\" id=\"a\" width=\"375.73\" height=\"284.08\" viewBox=\"0 0 375.73 284.08\"><path d=\"M267.32,0h-74.16c26.76,28.95,61.46,91.26,102.22,119.57h-15.66c-65.87-9.19-222.02-7.2-279.72-7.2v59.33c57.7,0,213.85,2,279.72-7.2h15.18c-41.41,28.31-74.98,90.62-101.74,119.57h74.16l108.42-141.02v-2.04L267.32,0Z\" stroke-width=\"0\"><\/path><\/svg>\t\t\t<\/span>\n\t\t\t\t\t\t\t\t\t<span class=\"elementor-button-text\">Read more<\/span>\n\t\t\t\t\t<\/span>\n\t\t\t\t\t<\/a>\n\t\t\t\t<\/div>\n\t\t\t\t\t\t\t\t<\/div>\n\t\t\t\t<\/div>\n\t\t\t\t\t<\/div>\n\t\t\t\t<\/div>\n\t\t\t\t\t<\/div>\n\t\t\t\t<\/div>\n\t\t\t\t<\/div>\n\t\t\t\t<div data-elementor-type=\"loop-item\" data-elementor-id=\"7926\" class=\"elementor elementor-7926 elementor-7723 elementor-7723 e-loop-item e-loop-item-7884 post-7884 post type-post status-publish format-standard has-post-thumbnail hentry category-taste-satakunta-en\" data-elementor-post-type=\"elementor_library\" data-custom-edit-handle=\"1\">\n\t\t\t<div class=\"elementor-element elementor-element-60df4b9 e-flex e-con-boxed e-con e-parent\" data-id=\"60df4b9\" data-element_type=\"container\" data-e-type=\"container\" data-settings=\"{&quot;background_background&quot;:&quot;classic&quot;}\">\n\t\t\t\t\t<div class=\"e-con-inner\">\n\t\t\t\t<div class=\"elementor-element elementor-element-c22fa3f elementor-widget elementor-widget-theme-post-featured-image elementor-widget-image\" data-id=\"c22fa3f\" data-element_type=\"widget\" data-e-type=\"widget\" data-widget_type=\"theme-post-featured-image.default\">\n\t\t\t\t<div class=\"elementor-widget-container\">\n\t\t\t\t\t\t\t\t\t\t\t\t\t\t\t<img decoding=\"async\" src=\"https:\/\/visitsatakunta.fi\/wp-content\/uploads\/elementor\/thumbs\/taste-tilapuoti-reitit-qq9w0o5oy8183bd9xvgqh2e4216ku5bjdfspc8j91k.jpg\" title=\"taste-tilapuoti-reitit\" alt=\"taste-tilapuoti-reitit\" loading=\"lazy\" \/>\t\t\t\t\t\t\t\t\t\t\t\t\t\t\t<\/div>\n\t\t\t\t<\/div>\n\t\t<div class=\"elementor-element elementor-element-107d8f6 e-flex e-con-boxed e-con e-child\" data-id=\"107d8f6\" data-element_type=\"container\" data-e-type=\"container\">\n\t\t\t\t\t<div class=\"e-con-inner\">\n\t\t\t\t<div class=\"elementor-element elementor-element-6758296 elementor-widget elementor-widget-theme-post-title elementor-page-title elementor-widget-heading\" data-id=\"6758296\" data-element_type=\"widget\" data-e-type=\"widget\" data-widget_type=\"theme-post-title.default\">\n\t\t\t\t<div class=\"elementor-widget-container\">\n\t\t\t\t\t<h2 class=\"elementor-heading-title elementor-size-default\"><a href=\"https:\/\/visitsatakunta.fi\/en\/to-farm-shops-and-food-routes\/\">To farm shops and food routes<\/a><\/h2>\t\t\t\t<\/div>\n\t\t\t\t<\/div>\n\t\t\t\t<div class=\"elementor-element elementor-element-ee73a33 elementor-widget elementor-widget-theme-post-excerpt\" data-id=\"ee73a33\" data-element_type=\"widget\" data-e-type=\"widget\" data-widget_type=\"theme-post-excerpt.default\">\n\t\t\t\t<div class=\"elementor-widget-container\">\n\t\t\t\t\tYou can\u2019t get fresher than this. At Satakunta farms, you\u2019re right in the heart of the action!\t\t\t\t<\/div>\n\t\t\t\t<\/div>\n\t\t\t\t<div class=\"elementor-element elementor-element-2fee554 elementor-widget elementor-widget-button\" data-id=\"2fee554\" data-element_type=\"widget\" data-e-type=\"widget\" data-widget_type=\"button.default\">\n\t\t\t\t<div class=\"elementor-widget-container\">\n\t\t\t\t\t\t\t\t\t<div class=\"elementor-button-wrapper\">\n\t\t\t\t\t<a class=\"elementor-button elementor-button-link elementor-size-sm\" href=\"https:\/\/visitsatakunta.fi\/en\/to-farm-shops-and-food-routes\/\">\n\t\t\t\t\t\t<span class=\"elementor-button-content-wrapper\">\n\t\t\t\t\t\t<span class=\"elementor-button-icon\">\n\t\t\t\t<svg xmlns=\"http:\/\/www.w3.org\/2000\/svg\" id=\"a\" width=\"375.73\" height=\"284.08\" viewBox=\"0 0 375.73 284.08\"><path d=\"M267.32,0h-74.16c26.76,28.95,61.46,91.26,102.22,119.57h-15.66c-65.87-9.19-222.02-7.2-279.72-7.2v59.33c57.7,0,213.85,2,279.72-7.2h15.18c-41.41,28.31-74.98,90.62-101.74,119.57h74.16l108.42-141.02v-2.04L267.32,0Z\" stroke-width=\"0\"><\/path><\/svg>\t\t\t<\/span>\n\t\t\t\t\t\t\t\t\t<span class=\"elementor-button-text\">Read more<\/span>\n\t\t\t\t\t<\/span>\n\t\t\t\t\t<\/a>\n\t\t\t\t<\/div>\n\t\t\t\t\t\t\t\t<\/div>\n\t\t\t\t<\/div>\n\t\t\t\t\t<\/div>\n\t\t\t\t<\/div>\n\t\t\t\t\t<\/div>\n\t\t\t\t<\/div>\n\t\t\t\t<\/div>\n\t\t\t\t<div data-elementor-type=\"loop-item\" data-elementor-id=\"7926\" class=\"elementor elementor-7926 elementor-7723 elementor-7723 e-loop-item e-loop-item-7885 post-7885 post type-post status-publish format-standard has-post-thumbnail hentry category-taste-satakunta-en\" data-elementor-post-type=\"elementor_library\" data-custom-edit-handle=\"1\">\n\t\t\t<div class=\"elementor-element elementor-element-60df4b9 e-flex e-con-boxed e-con e-parent\" data-id=\"60df4b9\" data-element_type=\"container\" data-e-type=\"container\" data-settings=\"{&quot;background_background&quot;:&quot;classic&quot;}\">\n\t\t\t\t\t<div class=\"e-con-inner\">\n\t\t\t\t<div class=\"elementor-element elementor-element-c22fa3f elementor-widget elementor-widget-theme-post-featured-image elementor-widget-image\" data-id=\"c22fa3f\" data-element_type=\"widget\" data-e-type=\"widget\" data-widget_type=\"theme-post-featured-image.default\">\n\t\t\t\t<div class=\"elementor-widget-container\">\n\t\t\t\t\t\t\t\t\t\t\t\t\t\t\t<img decoding=\"async\" src=\"https:\/\/visitsatakunta.fi\/wp-content\/uploads\/elementor\/thumbs\/taste-kahvilareitti-qq9w0suvwe7npd6g6fhvbj7f0yjewmu72324qmca6g.jpg\" title=\"taste-kahvilareitti\" alt=\"taste-kahvilareitti\" loading=\"lazy\" \/>\t\t\t\t\t\t\t\t\t\t\t\t\t\t\t<\/div>\n\t\t\t\t<\/div>\n\t\t<div class=\"elementor-element elementor-element-107d8f6 e-flex e-con-boxed e-con e-child\" data-id=\"107d8f6\" data-element_type=\"container\" data-e-type=\"container\">\n\t\t\t\t\t<div class=\"e-con-inner\">\n\t\t\t\t<div class=\"elementor-element elementor-element-6758296 elementor-widget elementor-widget-theme-post-title elementor-page-title elementor-widget-heading\" data-id=\"6758296\" data-element_type=\"widget\" data-e-type=\"widget\" data-widget_type=\"theme-post-title.default\">\n\t\t\t\t<div class=\"elementor-widget-container\">\n\t\t\t\t\t<h2 class=\"elementor-heading-title elementor-size-default\"><a href=\"https:\/\/visitsatakunta.fi\/en\/coffee-on-the-food-routes\/\">Coffee on the Food Routes<\/a><\/h2>\t\t\t\t<\/div>\n\t\t\t\t<\/div>\n\t\t\t\t<div class=\"elementor-element elementor-element-ee73a33 elementor-widget elementor-widget-theme-post-excerpt\" data-id=\"ee73a33\" data-element_type=\"widget\" data-e-type=\"widget\" data-widget_type=\"theme-post-excerpt.default\">\n\t\t\t\t<div class=\"elementor-widget-container\">\n\t\t\t\t\tHead to a caf\u00e9 and explore nearby spots. Check out these ready-made tips!\t\t\t\t<\/div>\n\t\t\t\t<\/div>\n\t\t\t\t<div class=\"elementor-element elementor-element-2fee554 elementor-widget elementor-widget-button\" data-id=\"2fee554\" data-element_type=\"widget\" data-e-type=\"widget\" data-widget_type=\"button.default\">\n\t\t\t\t<div class=\"elementor-widget-container\">\n\t\t\t\t\t\t\t\t\t<div class=\"elementor-button-wrapper\">\n\t\t\t\t\t<a class=\"elementor-button elementor-button-link elementor-size-sm\" href=\"https:\/\/visitsatakunta.fi\/en\/coffee-on-the-food-routes\/\">\n\t\t\t\t\t\t<span class=\"elementor-button-content-wrapper\">\n\t\t\t\t\t\t<span class=\"elementor-button-icon\">\n\t\t\t\t<svg xmlns=\"http:\/\/www.w3.org\/2000\/svg\" id=\"a\" width=\"375.73\" height=\"284.08\" viewBox=\"0 0 375.73 284.08\"><path d=\"M267.32,0h-74.16c26.76,28.95,61.46,91.26,102.22,119.57h-15.66c-65.87-9.19-222.02-7.2-279.72-7.2v59.33c57.7,0,213.85,2,279.72-7.2h15.18c-41.41,28.31-74.98,90.62-101.74,119.57h74.16l108.42-141.02v-2.04L267.32,0Z\" stroke-width=\"0\"><\/path><\/svg>\t\t\t<\/span>\n\t\t\t\t\t\t\t\t\t<span class=\"elementor-button-text\">Read more<\/span>\n\t\t\t\t\t<\/span>\n\t\t\t\t\t<\/a>\n\t\t\t\t<\/div>\n\t\t\t\t\t\t\t\t<\/div>\n\t\t\t\t<\/div>\n\t\t\t\t\t<\/div>\n\t\t\t\t<\/div>\n\t\t\t\t\t<\/div>\n\t\t\t\t<\/div>\n\t\t\t\t<\/div>\n\t\t\t\t<\/div>\n\t\t\n\t\t\t\t\t\t<\/div>\n\t\t\t\t<\/div>\n\t\t\t\t<\/div>\n\t\t\t\t\t<\/div>\n\t\t\t\t<\/div>\n\t\t\t\t<\/div>\n\t\t","protected":false},"excerpt":{"rendered":"<p>Discover Satakunta\u2019s unique food experiences\u2014enjoy inspiring moments, delicious journeys, and unforgettable experiences in beautiful landscapes.<\/p>\n","protected":false},"author":1,"featured_media":0,"parent":7888,"menu_order":6,"comment_status":"closed","ping_status":"closed","template":"","meta":{"wds_primary_sivun-kategoria":0,"footnotes":""},"sivun-kategoria":[221],"class_list":["post-7890","page","type-page","status-publish","hentry","sivun-kategoria-taste-satakunta"],"_links":{"self":[{"href":"https:\/\/visitsatakunta.fi\/en\/wp-json\/wp\/v2\/pages\/7890","targetHints":{"allow":["GET"]}}],"collection":[{"href":"https:\/\/visitsatakunta.fi\/en\/wp-json\/wp\/v2\/pages"}],"about":[{"href":"https:\/\/visitsatakunta.fi\/en\/wp-json\/wp\/v2\/types\/page"}],"author":[{"embeddable":true,"href":"https:\/\/visitsatakunta.fi\/en\/wp-json\/wp\/v2\/users\/1"}],"replies":[{"embeddable":true,"href":"https:\/\/visitsatakunta.fi\/en\/wp-json\/wp\/v2\/comments?post=7890"}],"version-history":[{"count":1,"href":"https:\/\/visitsatakunta.fi\/en\/wp-json\/wp\/v2\/pages\/7890\/revisions"}],"predecessor-version":[{"id":7891,"href":"https:\/\/visitsatakunta.fi\/en\/wp-json\/wp\/v2\/pages\/7890\/revisions\/7891"}],"up":[{"embeddable":true,"href":"https:\/\/visitsatakunta.fi\/en\/wp-json\/wp\/v2\/pages\/7888"}],"wp:attachment":[{"href":"https:\/\/visitsatakunta.fi\/en\/wp-json\/wp\/v2\/media?parent=7890"}],"wp:term":[{"taxonomy":"sivun-kategoria","embeddable":true,"href":"https:\/\/visitsatakunta.fi\/en\/wp-json\/wp\/v2\/sivun-kategoria?post=7890"}],"curies":[{"name":"wp","href":"https:\/\/api.w.org\/{rel}","templated":true}]}}